{"id":56,"date":"2021-03-03T17:15:02","date_gmt":"2021-03-03T20:15:02","guid":{"rendered":"https:\/\/momtip.com.br\/?page_id=56"},"modified":"2023-06-20T00:05:57","modified_gmt":"2023-06-20T03:05:57","slug":"sobre-nos","status":"publish","type":"page","link":"https:\/\/momtip.com.br\/es\/sobre-nos\/","title":{"rendered":"Sobre nosotros"},"content":{"rendered":"<html><body><p style=\"text-align: justify;\">Momtip es un portal de consejos y noticias que prioriza entregar informaci\u00f3n de forma sencilla y responsable.<\/p><div class=\"code-block\"><script>\r\n   window.googletag = window.googletag || {cmd: []};\r\n   googletag.cmd.push(function() {\r\n     googletag.defineSlot(\"\/23200590039\/momtip.com.br\/momtip.com.br_MW_CONTENT1_13082024\", [[250, 250], [336, 280], [300, 250], 'fluid'], \"content1Slot\").addService(googletag.pubads());\r\n     googletag.enableServices();  \r\n   });\r\n<\/script>\r\n        <div class=\"ads-title\">Publicidad<\/div>\r\n        <div id=\"content1Slot\" style=\"min-width: 250px; min-height: 250px;\"><\/div>  \r\n<script>\r\n    googletag.cmd.push(function() { \r\n        googletag.display('content1Slot'); \r\n    });\r\n<\/script><\/div>\n<p style=\"text-align: justify;\">Entendemos que las buenas y actualizadas noticias son fundamentales para todos, por eso naci\u00f3 Momtip, con el objetivo de brindar a nuestros lectores noticias confiables y actualizadas sobre los m\u00e1s diversos temas y curiosidades que suceden en Brasil y en el mundo.<\/p>\n<p><img loading=\"lazy\" decoding=\"async\" class=\"aligncenter wp-image-1144 size-full\" src=\"\/wp-content\/imgs-converts\/2023\/06\/LogoFinal3-1.webp\" alt=\"\" width=\"200\" height=\"70\"><\/p>\n<\/body><\/html>","protected":false},"excerpt":{"rendered":"<p>O Momtip \u00e9 um portal de dicas e not\u00edcias que prioriza a entrega das informa\u00e7\u00f5es de uma forma simples e com responsabilidade. Publicidade Entendemos que not\u00edcias boas e atualizadas s\u00e3o fundamentais para todas as pessoas, por esse motivo, o Momtip foi criado, com o objetivo de entregar aos nossos leitores noticias confi\u00e1veis e atualizadas sobre [&hellip;]<\/p>","protected":false},"author":3,"featured_media":0,"parent":0,"menu_order":0,"comment_status":"closed","ping_status":"closed","template":"","meta":{"footnotes":""},"class_list":["post-56","page","type-page","status-publish","hentry"],"yoast_head":"<!-- This site is optimized with the Yoast SEO plugin v27.5 - https:\/\/yoast.com\/product\/yoast-seo-wordpress\/ -->\n<title>Sobre N\u00f3s - MomTip<\/title>\n<meta name=\"robots\" content=\"index, follow, max-snippet:-1, max-image-preview:large, max-video-preview:-1\" \/>\n<link rel=\"canonical\" href=\"https:\/\/momtip.com.br\/es\/sobre-nos\/\" \/>\n<meta property=\"og:locale\" content=\"es_ES\" \/>\n<meta property=\"og:type\" content=\"article\" \/>\n<meta property=\"og:title\" content=\"Sobre N\u00f3s - MomTip\" \/>\n<meta property=\"og:description\" content=\"O Momtip \u00e9 um portal de dicas e not\u00edcias que prioriza a entrega das informa\u00e7\u00f5es de uma forma simples e com responsabilidade. Publicidade Entendemos que not\u00edcias boas e atualizadas s\u00e3o fundamentais para todas as pessoas, por esse motivo, o Momtip foi criado, com o objetivo de entregar aos nossos leitores noticias confi\u00e1veis e atualizadas sobre [&hellip;]\" \/>\n<meta property=\"og:url\" content=\"https:\/\/momtip.com.br\/es\/sobre-nos\/\" \/>\n<meta property=\"og:site_name\" content=\"MomTip\" \/>\n<meta property=\"article:modified_time\" content=\"2023-06-20T03:05:57+00:00\" \/>\n<meta property=\"og:image\" content=\"https:\/\/momtip.com.br\/wp-content\/uploads\/2023\/06\/LogoFinal3-1.png\" \/>\n<meta name=\"twitter:card\" content=\"summary_large_image\" \/>\n<meta name=\"twitter:label1\" content=\"Tiempo de lectura\" \/>\n\t<meta name=\"twitter:data1\" content=\"1 minuto\" \/>\n<script type=\"application\/ld+json\" class=\"yoast-schema-graph\">{\"@context\":\"https:\\\/\\\/schema.org\",\"@graph\":[{\"@type\":\"WebPage\",\"@id\":\"https:\\\/\\\/momtip.com.br\\\/sobre-nos\\\/\",\"url\":\"https:\\\/\\\/momtip.com.br\\\/sobre-nos\\\/\",\"name\":\"Sobre N\u00f3s - MomTip\",\"isPartOf\":{\"@id\":\"https:\\\/\\\/momtip.com.br\\\/#website\"},\"primaryImageOfPage\":{\"@id\":\"https:\\\/\\\/momtip.com.br\\\/sobre-nos\\\/#primaryimage\"},\"image\":{\"@id\":\"https:\\\/\\\/momtip.com.br\\\/sobre-nos\\\/#primaryimage\"},\"thumbnailUrl\":\"https:\\\/\\\/momtip.com.br\\\/wp-content\\\/uploads\\\/2023\\\/06\\\/LogoFinal3-1.png\",\"datePublished\":\"2021-03-03T20:15:02+00:00\",\"dateModified\":\"2023-06-20T03:05:57+00:00\",\"inLanguage\":\"es\",\"potentialAction\":[{\"@type\":\"ReadAction\",\"target\":[\"https:\\\/\\\/momtip.com.br\\\/sobre-nos\\\/\"]}]},{\"@type\":\"ImageObject\",\"inLanguage\":\"es\",\"@id\":\"https:\\\/\\\/momtip.com.br\\\/sobre-nos\\\/#primaryimage\",\"url\":\"https:\\\/\\\/momtip.com.br\\\/wp-content\\\/uploads\\\/2023\\\/06\\\/LogoFinal3-1.png\",\"contentUrl\":\"https:\\\/\\\/momtip.com.br\\\/wp-content\\\/uploads\\\/2023\\\/06\\\/LogoFinal3-1.png\"},{\"@type\":\"WebSite\",\"@id\":\"https:\\\/\\\/momtip.com.br\\\/#website\",\"url\":\"https:\\\/\\\/momtip.com.br\\\/\",\"name\":\"MomTip\",\"description\":\"Portal de Informa\u00e7\u00f5es sobre aplicativos, benef\u00edcios sociais e utilidades.\",\"publisher\":{\"@id\":\"https:\\\/\\\/momtip.com.br\\\/#organization\"},\"potentialAction\":[{\"@type\":\"SearchAction\",\"target\":{\"@type\":\"EntryPoint\",\"urlTemplate\":\"https:\\\/\\\/momtip.com.br\\\/?s={search_term_string}\"},\"query-input\":{\"@type\":\"PropertyValueSpecification\",\"valueRequired\":true,\"valueName\":\"search_term_string\"}}],\"inLanguage\":\"es\"},{\"@type\":\"Organization\",\"@id\":\"https:\\\/\\\/momtip.com.br\\\/#organization\",\"name\":\"MomTip\",\"url\":\"https:\\\/\\\/momtip.com.br\\\/\",\"logo\":{\"@type\":\"ImageObject\",\"inLanguage\":\"es\",\"@id\":\"https:\\\/\\\/momtip.com.br\\\/#\\\/schema\\\/logo\\\/image\\\/\",\"url\":\"https:\\\/\\\/momtip.com.br\\\/wp-content\\\/uploads\\\/2023\\\/06\\\/LogoFinal3-1.png\",\"contentUrl\":\"https:\\\/\\\/momtip.com.br\\\/wp-content\\\/uploads\\\/2023\\\/06\\\/LogoFinal3-1.png\",\"width\":200,\"height\":70,\"caption\":\"MomTip\"},\"image\":{\"@id\":\"https:\\\/\\\/momtip.com.br\\\/#\\\/schema\\\/logo\\\/image\\\/\"}}]}<\/script>\n<!-- \/ Yoast SEO plugin. -->","yoast_head_json":{"title":"Sobre N\u00f3s - MomTip","robots":{"index":"index","follow":"follow","max-snippet":"max-snippet:-1","max-image-preview":"max-image-preview:large","max-video-preview":"max-video-preview:-1"},"canonical":"https:\/\/momtip.com.br\/es\/sobre-nos\/","og_locale":"es_ES","og_type":"article","og_title":"Sobre N\u00f3s - MomTip","og_description":"O Momtip \u00e9 um portal de dicas e not\u00edcias que prioriza a entrega das informa\u00e7\u00f5es de uma forma simples e com responsabilidade. Publicidade Entendemos que not\u00edcias boas e atualizadas s\u00e3o fundamentais para todas as pessoas, por esse motivo, o Momtip foi criado, com o objetivo de entregar aos nossos leitores noticias confi\u00e1veis e atualizadas sobre [&hellip;]","og_url":"https:\/\/momtip.com.br\/es\/sobre-nos\/","og_site_name":"MomTip","article_modified_time":"2023-06-20T03:05:57+00:00","og_image":[{"url":"https:\/\/momtip.com.br\/wp-content\/uploads\/2023\/06\/LogoFinal3-1.png","type":"","width":"","height":""}],"twitter_card":"summary_large_image","twitter_misc":{"Tiempo de lectura":"1 minuto"},"schema":{"@context":"https:\/\/schema.org","@graph":[{"@type":"WebPage","@id":"https:\/\/momtip.com.br\/sobre-nos\/","url":"https:\/\/momtip.com.br\/sobre-nos\/","name":"Sobre N\u00f3s - MomTip","isPartOf":{"@id":"https:\/\/momtip.com.br\/#website"},"primaryImageOfPage":{"@id":"https:\/\/momtip.com.br\/sobre-nos\/#primaryimage"},"image":{"@id":"https:\/\/momtip.com.br\/sobre-nos\/#primaryimage"},"thumbnailUrl":"https:\/\/momtip.com.br\/wp-content\/uploads\/2023\/06\/LogoFinal3-1.png","datePublished":"2021-03-03T20:15:02+00:00","dateModified":"2023-06-20T03:05:57+00:00","inLanguage":"es","potentialAction":[{"@type":"ReadAction","target":["https:\/\/momtip.com.br\/sobre-nos\/"]}]},{"@type":"ImageObject","inLanguage":"es","@id":"https:\/\/momtip.com.br\/sobre-nos\/#primaryimage","url":"https:\/\/momtip.com.br\/wp-content\/uploads\/2023\/06\/LogoFinal3-1.png","contentUrl":"https:\/\/momtip.com.br\/wp-content\/uploads\/2023\/06\/LogoFinal3-1.png"},{"@type":"WebSite","@id":"https:\/\/momtip.com.br\/#website","url":"https:\/\/momtip.com.br\/","name":"Consejo de mam\u00e1","description":"Portal de informaci\u00f3n sobre aplicaciones, beneficios sociales y utilidades.","publisher":{"@id":"https:\/\/momtip.com.br\/#organization"},"potentialAction":[{"@type":"SearchAction","target":{"@type":"EntryPoint","urlTemplate":"https:\/\/momtip.com.br\/?s={search_term_string}"},"query-input":{"@type":"PropertyValueSpecification","valueRequired":true,"valueName":"search_term_string"}}],"inLanguage":"es"},{"@type":"Organization","@id":"https:\/\/momtip.com.br\/#organization","name":"Consejo de mam\u00e1","url":"https:\/\/momtip.com.br\/","logo":{"@type":"ImageObject","inLanguage":"es","@id":"https:\/\/momtip.com.br\/#\/schema\/logo\/image\/","url":"https:\/\/momtip.com.br\/wp-content\/uploads\/2023\/06\/LogoFinal3-1.png","contentUrl":"https:\/\/momtip.com.br\/wp-content\/uploads\/2023\/06\/LogoFinal3-1.png","width":200,"height":70,"caption":"MomTip"},"image":{"@id":"https:\/\/momtip.com.br\/#\/schema\/logo\/image\/"}}]}},"_links":{"self":[{"href":"https:\/\/momtip.com.br\/es\/wp-json\/wp\/v2\/pages\/56","targetHints":{"allow":["GET"]}}],"collection":[{"href":"https:\/\/momtip.com.br\/es\/wp-json\/wp\/v2\/pages"}],"about":[{"href":"https:\/\/momtip.com.br\/es\/wp-json\/wp\/v2\/types\/page"}],"author":[{"embeddable":true,"href":"https:\/\/momtip.com.br\/es\/wp-json\/wp\/v2\/users\/3"}],"replies":[{"embeddable":true,"href":"https:\/\/momtip.com.br\/es\/wp-json\/wp\/v2\/comments?post=56"}],"version-history":[{"count":5,"href":"https:\/\/momtip.com.br\/es\/wp-json\/wp\/v2\/pages\/56\/revisions"}],"predecessor-version":[{"id":1229,"href":"https:\/\/momtip.com.br\/es\/wp-json\/wp\/v2\/pages\/56\/revisions\/1229"}],"wp:attachment":[{"href":"https:\/\/momtip.com.br\/es\/wp-json\/wp\/v2\/media?parent=56"}],"curies":[{"name":"wp","href":"https:\/\/api.w.org\/{rel}","templated":true}]}}