{"id":432,"date":"2021-04-06T14:48:53","date_gmt":"2021-04-06T17:48:53","guid":{"rendered":"https:\/\/momtip.com.br\/?page_id=432"},"modified":"2023-09-04T08:11:44","modified_gmt":"2023-09-04T11:11:44","slug":"termos-e-condicoes","status":"publish","type":"page","link":"https:\/\/momtip.com.br\/es\/termos-e-condicoes\/","title":{"rendered":"T\u00e9rminos y Condiciones"},"content":{"rendered":"<html><body><p>Los t\u00e9rminos y condiciones (\u201cT\u00e9rminos\u201d) describen c\u00f3mo MomTip (\u201cCompa\u00f1\u00eda\u201d, \u201cnosotros\u201d y \u201cnuestro\u201d) regula el uso de este sitio web https:\/\/momtip.com.br (el \u201csitio web\u201d).<br>Lea atentamente la siguiente informaci\u00f3n para comprender nuestras pr\u00e1cticas con respecto al uso del sitio web. La Compa\u00f1\u00eda puede cambiar los T\u00e9rminos en cualquier momento. La Compa\u00f1\u00eda puede informarle sobre cambios en los T\u00e9rminos utilizando los medios de comunicaci\u00f3n disponibles. La Compa\u00f1\u00eda recomienda que consulte el sitio web con frecuencia para ver la versi\u00f3n actual de los T\u00e9rminos y las versiones anteriores.<\/p><div class=\"code-block\"><script>\r\n   window.googletag = window.googletag || {cmd: []};\r\n   googletag.cmd.push(function() {\r\n     googletag.defineSlot(\"\/23200590039\/momtip.com.br\/momtip.com.br_MW_CONTENT1_13082024\", [[250, 250], [336, 280], [300, 250], 'fluid'], \"content1Slot\").addService(googletag.pubads());\r\n     googletag.enableServices();  \r\n   });\r\n<\/script>\r\n        <div class=\"ads-title\">Publicidad<\/div>\r\n        <div id=\"content1Slot\" style=\"min-width: 250px; min-height: 250px;\"><\/div>  \r\n<script>\r\n    googletag.cmd.push(function() { \r\n        googletag.display('content1Slot'); \r\n    });\r\n<\/script><\/div>\n\n\n\n<ol class=\"wp-block-list\">\n<li>POL\u00cdTICAS DE PRIVACIDAD<br><br>Nuestra pol\u00edtica de privacidad est\u00e1 disponible en otra p\u00e1gina. Nuestra pol\u00edtica de privacidad explica c\u00f3mo utilizamos sus datos personales. Al utilizar nuestro sitio web usted reconoce que conoce y acepta nuestras pol\u00edticas de privacidad y la forma en que procesamos sus datos.<\/li>\n\n\n\n<li>SU CUENTA<br><br>Cuando utiliza nuestro sitio web, usted es responsable de garantizar la confidencialidad de su cuenta, contrase\u00f1a y otros datos. No podr\u00e1 transferir su cuenta a terceros. No somos responsables del acceso no autorizado que resulte de negligencia por parte del usuario (propietario de la cuenta). La empresa tiene derecho a cancelar el servicio o cancelar su cuenta y eliminar sus datos, si comparte su cuenta.<\/li>\n\n\n\n<li>SERVICIOS<br><br>El sitio web le permite utilizar los servicios disponibles en el sitio web. No puede utilizar estos servicios con fines ilegales.<br>En algunos casos, podemos establecer un precio por utilizar el sitio web. Todos los precios se publicar\u00e1n por separado en las p\u00e1ginas correspondientes del sitio web. En algunos casos, podremos cambiar los valores de acceso en cualquier momento.<br>Tambi\u00e9n podemos utilizar sistemas de procesamiento de pagos que tendr\u00e1n tarifas de procesamiento de pagos. Algunas de estas tarifas pueden aparecer cuando eliges un m\u00e9todo de pago en particular. Todos los detalles sobre las tarifas de estos sistemas de pago se pueden encontrar en sus respectivos sitios web.<\/li>\n\n\n\n<li>SERVICIOS DE TERCEROS<br><br>El sitio web puede incluir enlaces a otros sitios web, aplicaciones o plataformas.<br>No controlamos los sitios web de terceros y no seremos responsables del contenido u otros materiales incluidos en esos sitios web. Los ponemos a su disposici\u00f3n y mantenemos todos nuestros servicios y funciones en nuestro sitio web.<\/li>\n\n\n\n<li>USOS PROHIBIDOS Y PROPIEDAD INTELECTUAL<br><br>Le otorgamos una licencia revocable, intransferible y no exclusiva para acceder y utilizar nuestro sitio web en un dispositivo de acuerdo con los T\u00e9rminos.<br>No debe utilizar el sitio web para ning\u00fan prop\u00f3sito ilegal o prohibido. No puede utilizar el sitio web de ninguna manera que pueda deshabilitarlo, da\u00f1arlo o interferir con \u00e9l.<br><br>Todo el contenido presente en nuestro sitio web, incluidos textos, c\u00f3digos, gr\u00e1ficos, logotipos, im\u00e1genes, videos y software utilizado en el sitio web (en adelante, el \u201cContenido\u201d). El contenido es propiedad de la empresa, o de sus contratistas y est\u00e1 protegido por la ley (propiedad intelectual) que protege estos derechos.<br>No puede publicar, compartir, modificar, realizar ingenier\u00eda inversa, participar en la transferencia, crear y vender trabajos derivados ni utilizar de ninguna manera el Contenido.<br>Su uso del Sitio web no le otorga el derecho de hacer ning\u00fan uso ilegal o no permitido del Contenido y, en particular, no puede cambiar los derechos de propiedad ni los avisos del Contenido. Deber\u00e1 utilizar el Contenido \u00fanicamente para su uso personal y no comercial. La Compa\u00f1\u00eda no le otorga ninguna licencia sobre la propiedad intelectual de su contenido.<\/li>\n\n\n\n<li>MATERIALES DE LA EMPRESA<br><br>Al publicar, enviar, enviar o cargar su Contenido, usted nos otorga los derechos de uso de ese Contenido para el desarrollo de nuestro negocio, incluidos, entre otros, los derechos de transmisi\u00f3n, exhibici\u00f3n p\u00fablica, distribuci\u00f3n, ejecuci\u00f3n p\u00fablica, copia, reproducci\u00f3n y traducci\u00f3n de su Contenido; y publicaci\u00f3n de su nombre en relaci\u00f3n con su Contenido.<br><br>No se pagar\u00e1 ninguna compensaci\u00f3n con respecto al uso de su Contenido. La Compa\u00f1\u00eda no tendr\u00e1 obligaci\u00f3n de publicar ni disfrutar del Contenido que usted nos env\u00ede y podr\u00e1 eliminarlo en cualquier momento sin previo aviso.<br>Al publicar, cargar, ingresar, proporcionar o enviar su Contenido, usted garantiza y declara que posee todos los derechos sobre su Contenido.<\/li>\n\n\n\n<li>EXENCI\u00d3N DE RESPONSABILIDADES DETERMINADAS<br><br>La informaci\u00f3n disponible a trav\u00e9s del sitio web puede incluir errores tipogr\u00e1ficos o inexactitudes. La Compa\u00f1\u00eda no ser\u00e1 responsable de estas inexactitudes y errores.<br>La Compa\u00f1\u00eda no hace ninguna declaraci\u00f3n sobre la disponibilidad, exactitud, confiabilidad, idoneidad y actualidad del Contenido contenido y los servicios disponibles en el sitio web. En la medida m\u00e1xima permitida por la ley aplicable, todo el Contenido y los servicios se proporcionan &quot;tal cual&quot;. La Compa\u00f1\u00eda renuncia a todas las garant\u00edas y condiciones con respecto a este Contenido y servicios, incluidas las garant\u00edas y disposiciones de comerciabilidad e idoneidad para un prop\u00f3sito particular.<\/li>\n\n\n\n<li>INDEMNIDAD<br><br>Usted acepta indemnizar, defender y eximir de responsabilidad a la Compa\u00f1\u00eda, sus gerentes, directores, empleados, agentes y terceros, por cualquier costo, p\u00e9rdida, gasto (incluidos los honorarios de abogados), responsabilidades relacionadas con o que surjan de su disfrute o incapacidad para disfrutar del sitio web o de los servicios y productos de su Compa\u00f1\u00eda, su violaci\u00f3n de los T\u00e9rminos, o su violaci\u00f3n de cualquier derecho de terceros, o su violaci\u00f3n de la ley aplicable. Debe cooperar con la Compa\u00f1\u00eda para hacer valer cualquier defensa disponible.<\/li>\n\n\n\n<li>CANCELACI\u00d3N Y RESTRICCI\u00d3N DE ACCESO<br><br>La Compa\u00f1\u00eda podr\u00e1 cancelar o bloquear su acceso o cuenta en el sitio web y sus respectivos servicios, en cualquier momento, sin previo aviso, si viola los T\u00e9rminos y Condiciones.<\/li>\n\n\n\n<li>VARIOS<br><br>La ley aplicable a los T\u00e9rminos ser\u00e1n las leyes sustantivas del pa\u00eds donde est\u00e1 establecida la Compa\u00f1\u00eda, excluyendo las normas de conflicto de leyes. No debe utilizar el sitio web en jurisdicciones que no apliquen todas las disposiciones de los T\u00e9rminos.<br><br>No quedar\u00e1 impl\u00edcita ninguna relaci\u00f3n de asociaci\u00f3n, empleo o agencia entre usted y la Compa\u00f1\u00eda como resultado de los T\u00e9rminos o el uso del sitio web.<br>Nada en los T\u00e9rminos derogar\u00e1 el derecho de la Compa\u00f1\u00eda a cumplir con solicitudes o requisitos gubernamentales, judiciales, policiales y policiales relacionados con su disfrute del sitio web.<br><br>Si se determina que alguna parte de los T\u00e9rminos es inv\u00e1lida o inaplicable seg\u00fan la ley aplicable, las disposiciones inv\u00e1lidas o inaplicables se considerar\u00e1n reemplazadas por disposiciones v\u00e1lidas y ejecutables que ser\u00e1n similares a la versi\u00f3n original de los T\u00e9rminos y otras partes y secciones del Acuerdo. . Los t\u00e9rminos se aplicar\u00e1n a usted y a la Compa\u00f1\u00eda.<br><br>Los T\u00e9rminos constituyen el acuerdo completo entre usted y la Compa\u00f1\u00eda con respecto a su disfrute del sitio web y los T\u00e9rminos reemplazan todas las comunicaciones y ofertas anteriores, ya sean electr\u00f3nicas, orales o escritas, entre usted y la Compa\u00f1\u00eda.<br><br>La Compa\u00f1\u00eda y sus afiliados no ser\u00e1n responsables por el incumplimiento o retraso en el cumplimiento de sus obligaciones cuando el incumplimiento o retraso resulte de cualquier causa m\u00e1s all\u00e1 del control razonable de la Compa\u00f1\u00eda, incluyendo fallas t\u00e9cnicas, desastres naturales, bloqueos, embargos, disturbios, actos, reglamentos, legislaci\u00f3n. u \u00f3rdenes gubernamentales, actos terroristas, guerra o cualquier otra fuerza fuera del control de la Compa\u00f1\u00eda.<br><br>En caso de controversias, demandas, reclamos, disputas o causas de acci\u00f3n entre la Compa\u00f1\u00eda y usted en relaci\u00f3n con el Sitio web u otros asuntos relacionados, o los T\u00e9rminos, usted y la Compa\u00f1\u00eda acuerdan intentar resolver dichas controversias, demandas, reclamos, disputas, o causas de acci\u00f3n mediante negociaci\u00f3n de buena fe, y en caso de fracaso de dicha negociaci\u00f3n, exclusivamente a trav\u00e9s de los tribunales del pa\u00eds donde est\u00e9 establecida la Compa\u00f1\u00eda.<\/li>\n\n\n\n<li>RECLAMOS<br><br>Nos comprometemos a resolver cualquier queja sobre c\u00f3mo recopilamos o utilizamos sus datos personales. Si desea presentar una queja sobre estos T\u00e9rminos o nuestras pr\u00e1cticas en relaci\u00f3n con sus datos personales, cont\u00e1ctenos en:\u00a0<a href=\"mailto:momtip@momtip.com.br\">mam\u00e1tip@momtip.com.br<\/a><br>. Responderemos a su reclamaci\u00f3n tan pronto como podamos y, en cualquier caso, en el plazo de 30 d\u00edas.<br>Esperamos resolver cualquier queja que se nos presente; sin embargo, si cree que su queja no se ha resuelto adecuadamente, se reserva el derecho de comunicarse con su autoridad supervisora de protecci\u00f3n de datos local.<\/li>\n\n\n\n<li>INFORMACI\u00d3N DEL CONTACTO<br><br>Agradecemos sus comentarios o preguntas sobre estos T\u00e9rminos. Puede contactarnos por escrito a\u00a0<a href=\"mailto:momtip@momtip.com.br\">mam\u00e1tip@momtip.com.br<\/a><\/li>\n<\/ol>\n<\/body><\/html>","protected":false},"excerpt":{"rendered":"<p>Los t\u00e9rminos y condiciones (\u201cT\u00e9rminos\u201d) describen c\u00f3mo MomTip (\u201cCompa\u00f1\u00eda\u201d, \u201cnosotros\u201d y \u201cnuestro\u201d) regula el uso de este sitio web https:\/\/momtip.com.br (el \u201csitio web\u201d). informaci\u00f3n cuidadosamente para comprender nuestras pr\u00e1cticas con respecto al uso del sitio web. La Compa\u00f1\u00eda puede cambiar los T\u00e9rminos en cualquier momento. La Compa\u00f1\u00eda podr\u00e1 informarle del cambio [\u2026]<\/p>","protected":false},"author":3,"featured_media":0,"parent":0,"menu_order":0,"comment_status":"closed","ping_status":"closed","template":"","meta":{"footnotes":""},"class_list":["post-432","page","type-page","status-publish","hentry"],"yoast_head":"<!-- This site is optimized with the Yoast SEO plugin v27.5 - https:\/\/yoast.com\/product\/yoast-seo-wordpress\/ -->\n<title>Termos e Condi\u00e7\u00f5es - MomTip<\/title>\n<meta name=\"robots\" content=\"index, follow, max-snippet:-1, max-image-preview:large, max-video-preview:-1\" \/>\n<link rel=\"canonical\" href=\"https:\/\/momtip.com.br\/es\/termos-e-condicoes\/\" \/>\n<meta property=\"og:locale\" content=\"es_ES\" \/>\n<meta property=\"og:type\" content=\"article\" \/>\n<meta property=\"og:title\" content=\"Termos e Condi\u00e7\u00f5es - MomTip\" \/>\n<meta property=\"og:description\" content=\"Os termos e condi\u00e7\u00f5es (\u201cTermos\u201d) descrevem como MomTip (\u201cEmpresa,\u201d \u201cn\u00f3s\u201d, e \u201cnosso\u201d) regula o uso deste website https:\/\/momtip.com.br (o \u201cwebsite\u201d).Por favor leia as informa\u00e7\u00f5es a seguir com cuidado de forma a entender as nossas praticas referentes ao uso do website. A Empresa poder\u00e1 alterar os Termos a qualquer altura. A Empresa poder\u00e1 informa-lo da altera\u00e7\u00e3o [&hellip;]\" \/>\n<meta property=\"og:url\" content=\"https:\/\/momtip.com.br\/es\/termos-e-condicoes\/\" \/>\n<meta property=\"og:site_name\" content=\"MomTip\" \/>\n<meta property=\"article:modified_time\" content=\"2023-09-04T11:11:44+00:00\" \/>\n<meta name=\"twitter:card\" content=\"summary_large_image\" \/>\n<meta name=\"twitter:label1\" content=\"Tiempo de lectura\" \/>\n\t<meta name=\"twitter:data1\" content=\"8 minutos\" \/>\n<script type=\"application\/ld+json\" class=\"yoast-schema-graph\">{\"@context\":\"https:\\\/\\\/schema.org\",\"@graph\":[{\"@type\":\"WebPage\",\"@id\":\"https:\\\/\\\/momtip.com.br\\\/termos-e-condicoes\\\/\",\"url\":\"https:\\\/\\\/momtip.com.br\\\/termos-e-condicoes\\\/\",\"name\":\"Termos e Condi\u00e7\u00f5es - MomTip\",\"isPartOf\":{\"@id\":\"https:\\\/\\\/momtip.com.br\\\/#website\"},\"datePublished\":\"2021-04-06T17:48:53+00:00\",\"dateModified\":\"2023-09-04T11:11:44+00:00\",\"inLanguage\":\"es\",\"potentialAction\":[{\"@type\":\"ReadAction\",\"target\":[\"https:\\\/\\\/momtip.com.br\\\/termos-e-condicoes\\\/\"]}]},{\"@type\":\"WebSite\",\"@id\":\"https:\\\/\\\/momtip.com.br\\\/#website\",\"url\":\"https:\\\/\\\/momtip.com.br\\\/\",\"name\":\"MomTip\",\"description\":\"Portal de Informa\u00e7\u00f5es sobre aplicativos, benef\u00edcios sociais e utilidades.\",\"publisher\":{\"@id\":\"https:\\\/\\\/momtip.com.br\\\/#organization\"},\"potentialAction\":[{\"@type\":\"SearchAction\",\"target\":{\"@type\":\"EntryPoint\",\"urlTemplate\":\"https:\\\/\\\/momtip.com.br\\\/?s={search_term_string}\"},\"query-input\":{\"@type\":\"PropertyValueSpecification\",\"valueRequired\":true,\"valueName\":\"search_term_string\"}}],\"inLanguage\":\"es\"},{\"@type\":\"Organization\",\"@id\":\"https:\\\/\\\/momtip.com.br\\\/#organization\",\"name\":\"MomTip\",\"url\":\"https:\\\/\\\/momtip.com.br\\\/\",\"logo\":{\"@type\":\"ImageObject\",\"inLanguage\":\"es\",\"@id\":\"https:\\\/\\\/momtip.com.br\\\/#\\\/schema\\\/logo\\\/image\\\/\",\"url\":\"https:\\\/\\\/momtip.com.br\\\/wp-content\\\/uploads\\\/2023\\\/06\\\/LogoFinal3-1.png\",\"contentUrl\":\"https:\\\/\\\/momtip.com.br\\\/wp-content\\\/uploads\\\/2023\\\/06\\\/LogoFinal3-1.png\",\"width\":200,\"height\":70,\"caption\":\"MomTip\"},\"image\":{\"@id\":\"https:\\\/\\\/momtip.com.br\\\/#\\\/schema\\\/logo\\\/image\\\/\"}}]}<\/script>\n<!-- \/ Yoast SEO plugin. -->","yoast_head_json":{"title":"Termos e Condi\u00e7\u00f5es - MomTip","robots":{"index":"index","follow":"follow","max-snippet":"max-snippet:-1","max-image-preview":"max-image-preview:large","max-video-preview":"max-video-preview:-1"},"canonical":"https:\/\/momtip.com.br\/es\/termos-e-condicoes\/","og_locale":"es_ES","og_type":"article","og_title":"Termos e Condi\u00e7\u00f5es - MomTip","og_description":"Os termos e condi\u00e7\u00f5es (\u201cTermos\u201d) descrevem como MomTip (\u201cEmpresa,\u201d \u201cn\u00f3s\u201d, e \u201cnosso\u201d) regula o uso deste website https:\/\/momtip.com.br (o \u201cwebsite\u201d).Por favor leia as informa\u00e7\u00f5es a seguir com cuidado de forma a entender as nossas praticas referentes ao uso do website. A Empresa poder\u00e1 alterar os Termos a qualquer altura. A Empresa poder\u00e1 informa-lo da altera\u00e7\u00e3o [&hellip;]","og_url":"https:\/\/momtip.com.br\/es\/termos-e-condicoes\/","og_site_name":"MomTip","article_modified_time":"2023-09-04T11:11:44+00:00","twitter_card":"summary_large_image","twitter_misc":{"Tiempo de lectura":"8 minutos"},"schema":{"@context":"https:\/\/schema.org","@graph":[{"@type":"WebPage","@id":"https:\/\/momtip.com.br\/termos-e-condicoes\/","url":"https:\/\/momtip.com.br\/termos-e-condicoes\/","name":"Termos e Condi\u00e7\u00f5es - MomTip","isPartOf":{"@id":"https:\/\/momtip.com.br\/#website"},"datePublished":"2021-04-06T17:48:53+00:00","dateModified":"2023-09-04T11:11:44+00:00","inLanguage":"es","potentialAction":[{"@type":"ReadAction","target":["https:\/\/momtip.com.br\/termos-e-condicoes\/"]}]},{"@type":"WebSite","@id":"https:\/\/momtip.com.br\/#website","url":"https:\/\/momtip.com.br\/","name":"Consejo de mam\u00e1","description":"Portal de informaci\u00f3n sobre aplicaciones, beneficios sociales y utilidades.","publisher":{"@id":"https:\/\/momtip.com.br\/#organization"},"potentialAction":[{"@type":"SearchAction","target":{"@type":"EntryPoint","urlTemplate":"https:\/\/momtip.com.br\/?s={search_term_string}"},"query-input":{"@type":"PropertyValueSpecification","valueRequired":true,"valueName":"search_term_string"}}],"inLanguage":"es"},{"@type":"Organization","@id":"https:\/\/momtip.com.br\/#organization","name":"Consejo de mam\u00e1","url":"https:\/\/momtip.com.br\/","logo":{"@type":"ImageObject","inLanguage":"es","@id":"https:\/\/momtip.com.br\/#\/schema\/logo\/image\/","url":"https:\/\/momtip.com.br\/wp-content\/uploads\/2023\/06\/LogoFinal3-1.png","contentUrl":"https:\/\/momtip.com.br\/wp-content\/uploads\/2023\/06\/LogoFinal3-1.png","width":200,"height":70,"caption":"MomTip"},"image":{"@id":"https:\/\/momtip.com.br\/#\/schema\/logo\/image\/"}}]}},"_links":{"self":[{"href":"https:\/\/momtip.com.br\/es\/wp-json\/wp\/v2\/pages\/432","targetHints":{"allow":["GET"]}}],"collection":[{"href":"https:\/\/momtip.com.br\/es\/wp-json\/wp\/v2\/pages"}],"about":[{"href":"https:\/\/momtip.com.br\/es\/wp-json\/wp\/v2\/types\/page"}],"author":[{"embeddable":true,"href":"https:\/\/momtip.com.br\/es\/wp-json\/wp\/v2\/users\/3"}],"replies":[{"embeddable":true,"href":"https:\/\/momtip.com.br\/es\/wp-json\/wp\/v2\/comments?post=432"}],"version-history":[{"count":5,"href":"https:\/\/momtip.com.br\/es\/wp-json\/wp\/v2\/pages\/432\/revisions"}],"predecessor-version":[{"id":1443,"href":"https:\/\/momtip.com.br\/es\/wp-json\/wp\/v2\/pages\/432\/revisions\/1443"}],"wp:attachment":[{"href":"https:\/\/momtip.com.br\/es\/wp-json\/wp\/v2\/media?parent=432"}],"curies":[{"name":"wp","href":"https:\/\/api.w.org\/{rel}","templated":true}]}}